{"id":10234,"date":"2021-01-21T10:48:16","date_gmt":"2021-01-21T10:48:16","guid":{"rendered":"https:\/\/dgrplastik.com\/ozel-kalip-cozumlerimiz\/"},"modified":"2021-01-21T10:48:16","modified_gmt":"2021-01-21T10:48:16","slug":"ozel-kalip-cozumlerimiz","status":"publish","type":"page","link":"https:\/\/ebrarplastik.com.tr\/en\/ozel-kalip-cozumlerimiz\/","title":{"rendered":"\u00d6zel Kal\u0131p \u00c7\u00f6z\u00fcmlerimiz"},"content":{"rendered":"\t\t<div data-elementor-type=\"wp-page\" data-elementor-id=\"10234\" class=\"elementor elementor-10234 elementor-9414\">\n\t\t\t\t\t\t<section class=\"wd-negative-gap elementor-section elementor-top-section elementor-element elementor-element-63a25f3 elementor-reverse-mobile elementor-section-boxed elementor-section-height-default elementor-section-height-default\" data-id=\"63a25f3\" data-element_type=\"section\">\n\t\t\t\t\t\t<div class=\"elementor-container elementor-column-gap-default\">\n\t\t\t\t\t<div class=\"elementor-column elementor-col-50 elementor-top-column elementor-element elementor-element-16abc773 wd-elementor-sticky-column wd_sticky_offset_150\" data-id=\"16abc773\" data-element_type=\"column\">\n\t\t\t<div class=\"elementor-widget-wrap elementor-element-populated\">\n\t\t\t\t\t\t<div class=\"elementor-element elementor-element-39a841ee wd-width-100 elementor-widget elementor-widget-wd_title\" data-id=\"39a841ee\" data-element_type=\"widget\" data-widget_type=\"wd_title.default\">\n\t\t\t\t<div class=\"elementor-widget-container\">\n\t\t\t\t\t<div class=\"title-wrapper set-mb-s reset-last-child wd-title-color-default wd-title-style-default wd-title-size-extra-large text-left\">\n\n\t\t\t\n\t\t\t<div class=\"liner-continer\">\n\t\t\t\t<h4 class=\"woodmart-title-container title wd-fontsize-xxxl\">Tasar\u0131m ve \u00d6zel Bask\u0131<\/h4> \n\t\t\t\t\t\t\t<\/div>\n\n\t\t\t\t\t<\/div>\n\t\t\t\t<\/div>\n\t\t\t\t<\/div>\n\t\t\t\t<div class=\"elementor-element elementor-element-2c5f555c color-scheme-inherit text-left elementor-widget elementor-widget-text-editor\" data-id=\"2c5f555c\" data-element_type=\"widget\" data-widget_type=\"text-editor.default\">\n\t\t\t\t<div class=\"elementor-widget-container\">\n\t\t\t\t\t\t\t<p>Sayfa i\u00e7eri\u011fi g\u00fcncellenecektir&#8230;<\/p>\t\t\t\t\t\t<\/div>\n\t\t\t\t<\/div>\n\t\t\t\t\t<\/div>\n\t\t<\/div>\n\t\t\t\t<div class=\"elementor-column elementor-col-50 elementor-top-column elementor-element elementor-element-76d0839a\" data-id=\"76d0839a\" data-element_type=\"column\">\n\t\t\t<div class=\"elementor-widget-wrap elementor-element-populated\">\n\t\t\t\t\t\t<div class=\"elementor-element elementor-element-4b0d1d40 wd-width-100 elementor-widget elementor-widget-wd_images_gallery\" data-id=\"4b0d1d40\" data-element_type=\"widget\" data-widget_type=\"wd_images_gallery.default\">\n\t\t\t\t<div class=\"elementor-widget-container\">\n\t\t\t\t\t<div class=\"wd-images-gallery photoswipe-images\" style=\"--wd-align-items:center; --wd-justify-content:center;\">\n\t\t\t\t\t\t<div class=\"wd-grid-g\" style=\"--wd-col-lg:1;--wd-col-md:1;--wd-col-sm:1;--wd-gap-lg:2px;\" >\n\t\t\t\t\t\t\t\t\t\t\t\t\t\t\t\t\t\t<div class=\"wd-gallery-item wd-col\">\n\t\t\t\t\t\t\t\t\t\t\t\t\t<a  href=\"https:\/\/ebrarplastik.com.tr\/wp-content\/uploads\/2021\/01\/dddd.jpg\"data-width=\"1200\" data-height=\"720\" data-index=\"1\" data-elementor-open-lightbox=\"no\">\n\t\t\t\t\t\t\n\t\t\t\t\t\t<img decoding=\"async\" class=\"wd-lazy-load wd-lazy-fade\" src=\"https:\/\/ebrarplastik.com.tr\/wp-content\/themes\/woodmart\/images\/lazy.png\" data-wood-src=\"https:\/\/ebrarplastik.com.tr\/wp-content\/uploads\/2021\/01\/dddd.jpg\"alt=\"dddd\">\n\t\t\t\t\t\t\t\t\t\t\t\t\t<\/a>\n\t\t\t\t\t\t\t\t\t\t\t<\/div>\n\t\t\t\t\t\t\t\t\t\t\t\t\t<\/div>\n\t\t\t\t\t<\/div>\n\t\t\t\t<\/div>\n\t\t\t\t<\/div>\n\t\t\t\t\t<\/div>\n\t\t<\/div>\n\t\t\t\t\t<\/div>\n\t\t<\/section>\n\t\t\t\t<\/div>\n\t\t","protected":false},"excerpt":{"rendered":"<p>Tasar\u0131m ve \u00d6zel Bask\u0131 Sayfa i\u00e7eri\u011fi g\u00fcncellenecektir&#8230;<\/p>\n","protected":false},"author":1,"featured_media":0,"parent":0,"menu_order":0,"comment_status":"closed","ping_status":"closed","template":"","meta":{"footnotes":""},"class_list":["post-10234","page","type-page","status-publish","hentry"],"_links":{"self":[{"href":"https:\/\/ebrarplastik.com.tr\/en\/wp-json\/wp\/v2\/pages\/10234","targetHints":{"allow":["GET"]}}],"collection":[{"href":"https:\/\/ebrarplastik.com.tr\/en\/wp-json\/wp\/v2\/pages"}],"about":[{"href":"https:\/\/ebrarplastik.com.tr\/en\/wp-json\/wp\/v2\/types\/page"}],"author":[{"embeddable":true,"href":"https:\/\/ebrarplastik.com.tr\/en\/wp-json\/wp\/v2\/users\/1"}],"replies":[{"embeddable":true,"href":"https:\/\/ebrarplastik.com.tr\/en\/wp-json\/wp\/v2\/comments?post=10234"}],"version-history":[{"count":0,"href":"https:\/\/ebrarplastik.com.tr\/en\/wp-json\/wp\/v2\/pages\/10234\/revisions"}],"wp:attachment":[{"href":"https:\/\/ebrarplastik.com.tr\/en\/wp-json\/wp\/v2\/media?parent=10234"}],"curies":[{"name":"wp","href":"https:\/\/api.w.org\/{rel}","templated":true}]}}