{"id":10267,"date":"2020-07-07T07:22:36","date_gmt":"2020-07-07T07:22:36","guid":{"rendered":"https:\/\/dgrplastik.com\/home-grocery\/"},"modified":"2021-02-26T15:25:12","modified_gmt":"2021-02-26T15:25:12","slug":"home-grocery","status":"publish","type":"page","link":"https:\/\/ebrarplastik.com.tr\/en\/","title":{"rendered":"Home page"},"content":{"rendered":"\t\t<div data-elementor-type=\"wp-page\" data-elementor-id=\"10267\" class=\"elementor elementor-10267 elementor-7212\">\n\t\t\t\t\t\t<section class=\"wd-negative-gap elementor-section elementor-top-section elementor-element elementor-element-443b7c83 elementor-section-boxed elementor-section-height-default elementor-section-height-default\" data-id=\"443b7c83\" data-element_type=\"section\">\n\t\t\t\t\t\t<div class=\"elementor-container elementor-column-gap-no\">\n\t\t\t\t\t<div class=\"elementor-column elementor-col-100 elementor-top-column elementor-element elementor-element-16b95e10\" data-id=\"16b95e10\" data-element_type=\"column\">\n\t\t\t<div class=\"elementor-widget-wrap elementor-element-populated\">\n\t\t\t\t\t\t<div class=\"elementor-element elementor-element-031b993 elementor-widget elementor-widget-slider_revolution\" data-id=\"031b993\" data-element_type=\"widget\" data-widget_type=\"slider_revolution.default\">\n\t\t\t\t<div class=\"elementor-widget-container\">\n\t\t\t\n\t\t<div class=\"wp-block-themepunch-revslider\">\n\t\t\t<!-- START HomeSlideEn REVOLUTION SLIDER 6.7.17 --><p class=\"rs-p-wp-fix\"><\/p>\n\t\t\t<rs-module-wrap id=\"grocery_wrapper\" data-source=\"gallery\" style=\"visibility:hidden;background:transparent;padding:0;margin:0px auto;margin-top:0;margin-bottom:0;\">\n\t\t\t\t<rs-module id=\"grocery\" style=\"\" data-version=\"6.7.17\">\n\t\t\t\t\t<rs-slides style=\"overflow: hidden; position: absolute;\">\n\t\t\t\t\t\t<rs-slide style=\"position: absolute;\" data-key=\"rs-117\" data-title=\"Slide\" data-thumb=\"\/\/ebrarplastik.com.tr\/wp-content\/uploads\/2021\/01\/ebrar-slider2-revizeli-2-50x100.jpg\" data-in=\"o:0;\" data-out=\"a:false;\">\n\t\t\t\t\t\t\t<img fetchpriority=\"high\" decoding=\"async\" src=\"\/\/ebrarplastik.com.tr\/wp-content\/plugins\/revslider\/sr6\/assets\/assets\/dummy.png\" alt=\"\" title=\"ebrar-slider2-revizeli-2\" width=\"1920\" height=\"580\" class=\"rev-slidebg tp-rs-img rs-lazyload\" data-lazyload=\"\/\/ebrarplastik.com.tr\/wp-content\/uploads\/2021\/01\/ebrar-slider2-revizeli-2.jpg\" data-no-retina>\n<!--\n\t\t\t\t\t\t\t--><p\n\t\t\t\t\t\t\t\tid=\"slider-47-slide-117-layer-1\" \n\t\t\t\t\t\t\t\tclass=\"rs-layer\"\n\t\t\t\t\t\t\t\tdata-type=\"text\"\n\t\t\t\t\t\t\t\tdata-color=\"rgba(255, 255, 255, 0.8)\"\n\t\t\t\t\t\t\t\tdata-rsp_ch=\"on\"\n\t\t\t\t\t\t\t\tdata-xy=\"xo:105px,86px,40px,30px;yo:130px,107px,81px,80px;\"\n\t\t\t\t\t\t\t\tdata-text=\"w:normal;s:13,10,14,14;l:23,18,24,24;\"\n\t\t\t\t\t\t\t\tdata-frame_0=\"y:50,41,31,19;\"\n\t\t\t\t\t\t\t\tdata-frame_1=\"e:expo.out;st:200;sp:1000;\"\n\t\t\t\t\t\t\t\tdata-frame_999=\"o:0;st:w;\"\n\t\t\t\t\t\t\t\tstyle=\"z-index:9;font-family:'Yantramanav';\"\n\t\t\t\t\t\t\t>Ebrar Plastic \n\t\t\t\t\t\t\t<\/p><!--\n\n\t\t\t\t\t\t\t--><h4\n\t\t\t\t\t\t\t\tid=\"slider-47-slide-117-layer-2\" \n\t\t\t\t\t\t\t\tclass=\"rs-layer\"\n\t\t\t\t\t\t\t\tdata-type=\"text\"\n\t\t\t\t\t\t\t\tdata-rsp_ch=\"on\"\n\t\t\t\t\t\t\t\tdata-xy=\"xo:105px,86px,40px,30px;yo:160px,132px,115px,110px;\"\n\t\t\t\t\t\t\t\tdata-text=\"w:normal;s:50,41,36,36;l:60,49,46,46;fw:500;\"\n\t\t\t\t\t\t\t\tdata-dim=\"w:401px,331px,333px,327px;\"\n\t\t\t\t\t\t\t\tdata-frame_0=\"y:50,41,31,19;\"\n\t\t\t\t\t\t\t\tdata-frame_1=\"e:expo.out;st:300;sp:1000;\"\n\t\t\t\t\t\t\t\tdata-frame_999=\"o:0;st:w;\"\n\t\t\t\t\t\t\t\tstyle=\"z-index:10;font-family:'Yantramanav';\"\n\t\t\t\t\t\t\t>Food and Chemical Packaging \n\t\t\t\t\t\t\t<\/h4><!--\n\n\t\t\t\t\t\t\t--><rs-layer\n\t\t\t\t\t\t\t\tid=\"slider-47-slide-117-layer-4\" \n\t\t\t\t\t\t\t\tdata-type=\"image\"\n\t\t\t\t\t\t\t\tdata-rsp_ch=\"on\"\n\t\t\t\t\t\t\t\tdata-xy=\"xo:512px,422px,320px,24px;yo:101px,83px,63px,390px;\"\n\t\t\t\t\t\t\t\tdata-text=\"w:normal;s:20,16,12,7;l:0,20,15,9;\"\n\t\t\t\t\t\t\t\tdata-dim=\"w:681px,562px,426px,435px;h:202px,166px,126px,129px;\"\n\t\t\t\t\t\t\t\tdata-frame_999=\"o:0;st:w;\"\n\t\t\t\t\t\t\t\tstyle=\"z-index:14;\"\n\t\t\t\t\t\t\t><img decoding=\"async\" src=\"\/\/ebrarplastik.com.tr\/wp-content\/plugins\/revslider\/sr6\/assets\/assets\/dummy.png\" alt=\"\" class=\"tp-rs-img rs-lazyload\" data-lazyload=\"\/\/ebrarplastik.com.tr\/wp-content\/uploads\/2021\/03\/ebrar-slide-01-kovalar.webp\" data-no-retina> \n\t\t\t\t\t\t\t<\/rs-layer><!--\n\n\t\t\t\t\t\t\t--><a\n\t\t\t\t\t\t\t\tid=\"slider-47-slide-117-layer-5\" \n\t\t\t\t\t\t\t\tclass=\"rs-layer rev-btn\"\n\t\t\t\t\t\t\t\thref=\"https:\/\/ebrarplastik.com.tr\/en\/product-category\/plastic-packaging\/\" target=\"_self\"\n\t\t\t\t\t\t\t\tdata-type=\"button\"\n\t\t\t\t\t\t\t\tdata-rsp_ch=\"on\"\n\t\t\t\t\t\t\t\tdata-xy=\"xo:108px,89px,40px,30px;yo:307px,305px,320px,220px;\"\n\t\t\t\t\t\t\t\tdata-text=\"w:normal;s:13,10,13,13;l:18,14,18,18;fw:500;\"\n\t\t\t\t\t\t\t\tdata-dim=\"minh:0px,none,none,none;\"\n\t\t\t\t\t\t\t\tdata-padding=\"t:10,8,10,10;r:20,17,20,20;b:10,8,10,10;l:20,17,20,20;\"\n\t\t\t\t\t\t\t\tdata-border=\"bos:solid;boc:rgba(255, 255, 255, 0.5);bow:2px,2px,2px,2px;\"\n\t\t\t\t\t\t\t\tdata-frame_0=\"y:50,41,31,19;\"\n\t\t\t\t\t\t\t\tdata-frame_1=\"e:expo.out;st:500;sp:1000;\"\n\t\t\t\t\t\t\t\tdata-frame_999=\"o:0;st:w;\"\n\t\t\t\t\t\t\t\tdata-frame_hover=\"c:#fff;boc:#fff;bor:0px,0px,0px,0px;bos:solid;bow:2px,2px,2px,2px;sp:250ms;e:default;\"\n\t\t\t\t\t\t\t\tstyle=\"z-index:13;font-family:'Roboto';cursor:pointer;\"\n\t\t\t\t\t\t\t>Review \n\t\t\t\t\t\t\t<\/a><!--\n-->\t\t\t\t\t<\/rs-slide>\n\t\t\t\t\t\t<rs-slide style=\"position: absolute;\" data-key=\"rs-120\" data-title=\"Slide\" data-thumb=\"\/\/ebrarplastik.com.tr\/wp-content\/uploads\/2021\/03\/Ebrar-Plastik_Web-Slider_002-50x100.jpg\" data-in=\"o:0;\" data-out=\"a:false;\">\n\t\t\t\t\t\t\t<img decoding=\"async\" src=\"\/\/ebrarplastik.com.tr\/wp-content\/plugins\/revslider\/sr6\/assets\/assets\/dummy.png\" alt=\"\" title=\"Ebrar-Plastik_Web-Slider_002\" width=\"1920\" height=\"580\" class=\"rev-slidebg tp-rs-img rs-lazyload\" data-lazyload=\"\/\/ebrarplastik.com.tr\/wp-content\/uploads\/2021\/03\/Ebrar-Plastik_Web-Slider_002.jpg\" data-no-retina>\n<!--\n\t\t\t\t\t\t\t--><p\n\t\t\t\t\t\t\t\tid=\"slider-47-slide-120-layer-1\" \n\t\t\t\t\t\t\t\tclass=\"rs-layer\"\n\t\t\t\t\t\t\t\tdata-type=\"text\"\n\t\t\t\t\t\t\t\tdata-color=\"rgba(63, 63, 63, 0.8)\"\n\t\t\t\t\t\t\t\tdata-rsp_ch=\"on\"\n\t\t\t\t\t\t\t\tdata-xy=\"xo:105px,86px,40px,30px;yo:130px,107px,81px,80px;\"\n\t\t\t\t\t\t\t\tdata-text=\"w:normal;s:13,10,14,14;l:23,18,24,24;\"\n\t\t\t\t\t\t\t\tdata-frame_0=\"y:50,41,31,19;\"\n\t\t\t\t\t\t\t\tdata-frame_1=\"e:expo.out;st:200;sp:1000;\"\n\t\t\t\t\t\t\t\tdata-frame_999=\"o:0;st:w;\"\n\t\t\t\t\t\t\t\tstyle=\"z-index:9;font-family:'Yantramanav';\"\n\t\t\t\t\t\t\t>Ebrar Plastic \n\t\t\t\t\t\t\t<\/p><!--\n\n\t\t\t\t\t\t\t--><h4\n\t\t\t\t\t\t\t\tid=\"slider-47-slide-120-layer-2\" \n\t\t\t\t\t\t\t\tclass=\"rs-layer\"\n\t\t\t\t\t\t\t\tdata-type=\"text\"\n\t\t\t\t\t\t\t\tdata-color=\"#3f3f3f\"\n\t\t\t\t\t\t\t\tdata-rsp_ch=\"on\"\n\t\t\t\t\t\t\t\tdata-xy=\"xo:105px,86px,40px,30px;yo:160px,132px,115px,110px;\"\n\t\t\t\t\t\t\t\tdata-text=\"w:normal;s:50,41,36,36;l:60,49,46,46;fw:500;\"\n\t\t\t\t\t\t\t\tdata-dim=\"w:401px,331px,333px,327px;\"\n\t\t\t\t\t\t\t\tdata-frame_0=\"y:50,41,31,19;\"\n\t\t\t\t\t\t\t\tdata-frame_1=\"e:expo.out;st:300;sp:1000;\"\n\t\t\t\t\t\t\t\tdata-frame_999=\"o:0;st:w;\"\n\t\t\t\t\t\t\t\tstyle=\"z-index:10;font-family:'Yantramanav';\"\n\t\t\t\t\t\t\t>Food and Chemical Packaging \n\t\t\t\t\t\t\t<\/h4><!--\n\n\t\t\t\t\t\t\t--><a\n\t\t\t\t\t\t\t\tid=\"slider-47-slide-120-layer-5\" \n\t\t\t\t\t\t\t\tclass=\"rs-layer rev-btn\"\n\t\t\t\t\t\t\t\thref=\"https:\/\/ebrarplastik.com.tr\/en\/products\/\" target=\"_self\"\n\t\t\t\t\t\t\t\tdata-type=\"button\"\n\t\t\t\t\t\t\t\tdata-color=\"#3f3f3f\"\n\t\t\t\t\t\t\t\tdata-rsp_ch=\"on\"\n\t\t\t\t\t\t\t\tdata-xy=\"xo:105px,86px,40px,19px;yo:301px,305px,320px,212px;\"\n\t\t\t\t\t\t\t\tdata-text=\"w:normal;s:13,10,13,13;l:18,14,18,18;fw:500;\"\n\t\t\t\t\t\t\t\tdata-dim=\"minh:0px,none,none,none;\"\n\t\t\t\t\t\t\t\tdata-padding=\"t:10,8,10,10;r:20,17,20,20;b:10,8,10,10;l:20,17,20,20;\"\n\t\t\t\t\t\t\t\tdata-border=\"bos:solid;boc:rgba(30, 30, 30, 0.5);bow:2px,2px,2px,2px;\"\n\t\t\t\t\t\t\t\tdata-frame_0=\"y:50,41,31,19;\"\n\t\t\t\t\t\t\t\tdata-frame_1=\"e:expo.out;st:500;sp:1000;\"\n\t\t\t\t\t\t\t\tdata-frame_999=\"o:0;st:w;\"\n\t\t\t\t\t\t\t\tdata-frame_hover=\"c:#6d6d6d;boc:#fff;bor:0px,0px,0px,0px;bos:solid;bow:2px,2px,2px,2px;sp:250ms;e:default;\"\n\t\t\t\t\t\t\t\tstyle=\"z-index:13;font-family:'Roboto';cursor:pointer;\"\n\t\t\t\t\t\t\t>Review \n\t\t\t\t\t\t\t<\/a><!--\n-->\t\t\t\t\t<\/rs-slide>\n\t\t\t\t\t<\/rs-slides>\n\t\t\t\t<\/rs-module>\n\t\t\t\t<script>\n\t\t\t\t\tsetREVStartSize({c: 'grocery',rl:[1240,1024,778,480],el:[580,480,480,600],gw:[1240,1024,778,480],gh:[580,480,480,600],type:'standard',justify:'',layout:'fullwidth',mh:\"0\"});if (window.RS_MODULES!==undefined && window.RS_MODULES.modules!==undefined && window.RS_MODULES.modules[\"grocery\"]!==undefined) {window.RS_MODULES.modules[\"grocery\"].once = false;window.revapi47 = undefined;if (window.RS_MODULES.checkMinimal!==undefined) window.RS_MODULES.checkMinimal()}\n\t\t\t\t<\/script>\n\t\t\t<\/rs-module-wrap>\n\t\t\t<!-- END REVOLUTION SLIDER -->\n<\/div>\n\n\t\t\t\t<\/div>\n\t\t\t\t<\/div>\n\t\t\t\t\t<\/div>\n\t\t<\/div>\n\t\t\t\t\t<\/div>\n\t\t<\/section>\n\t\t\t\t<section class=\"wd-negative-gap elementor-section elementor-top-section elementor-element elementor-element-0a4342b elementor-section-boxed elementor-section-height-default elementor-section-height-default\" data-id=\"0a4342b\" data-element_type=\"section\">\n\t\t\t\t\t\t<div class=\"elementor-container elementor-column-gap-default\">\n\t\t\t\t\t<div class=\"elementor-column elementor-col-100 elementor-top-column elementor-element elementor-element-358aadb\" data-id=\"358aadb\" data-element_type=\"column\" data-settings=\"{&quot;background_background&quot;:&quot;classic&quot;}\">\n\t\t\t<div class=\"elementor-widget-wrap elementor-element-populated\">\n\t\t\t\t\t\t<section class=\"wd-negative-gap elementor-section elementor-inner-section elementor-element elementor-element-e5cf934 elementor-section-boxed elementor-section-height-default elementor-section-height-default\" data-id=\"e5cf934\" data-element_type=\"section\" data-settings=\"{&quot;background_background&quot;:&quot;classic&quot;}\">\n\t\t\t\t\t\t<div class=\"elementor-container elementor-column-gap-no\">\n\t\t\t\t\t<div class=\"elementor-column elementor-col-33 elementor-inner-column elementor-element elementor-element-75a0ddf\" data-id=\"75a0ddf\" data-element_type=\"column\">\n\t\t\t<div class=\"elementor-widget-wrap elementor-element-populated\">\n\t\t\t\t\t\t<div class=\"elementor-element elementor-element-82c7b2a elementor-widget elementor-widget-wd_infobox\" data-id=\"82c7b2a\" data-element_type=\"widget\" data-widget_type=\"wd_infobox.default\">\n\t\t\t\t<div class=\"elementor-widget-container\">\n\t\t\t\t\t<div class=\"info-box-wrapper\">\n\t\t\t<div class=\"wd-info-box text-center box-icon-align-top box-style-base color-scheme-\">\n\t\t\t\t\t\t\t\t\t<div class=\"box-icon-wrapper  box-with-icon box-icon-simple\">\n\t\t\t\t\t\t<div class=\"info-box-icon\">\n\t\t\t\t\t\t\t\t\t\t\t\t\t\t\t<img decoding=\"async\" width=\"60\" height=\"60\" src=\"https:\/\/ebrarplastik.com.tr\/wp-content\/uploads\/2021\/01\/kalite-icon.png\" class=\"attachment-60x60 size-60x60\" alt=\"\" \/>\t\t\t\t\t\t\t\t\t\t\t\t\t<\/div>\n\t\t\t\t\t<\/div>\n\t\t\t\t\n\t\t\t\t<div class=\"info-box-content\">\n\t\t\t\t\t\n\t\t\t\t\t\t\t\t\t\t\t<h4\t\t\t\t\t\tclass=\"info-box-title title box-title-style-default wd-fontsize-m\" data-elementor-setting-key=\"title\">\n\t\t\t\t\t\t\t\tHigh quality\t\t\t\t\t\t<\/h4>\n\t\t\t\t\t\n\t\t\t\t\t<div class=\"info-box-inner set-cont-mb-s reset-last-child\"data-elementor-setting-key=\"content\"><p>As one of the leading companies in the sector, we utilize state of the art machines in our production line.<\/p>\n<\/div>\n\n\t\t\t\t\t\t\t\t\t<\/div>\n\n\t\t\t\t\t\t\t\t\t<a href=\"#\" class=\"wd-info-box-link wd-fill\" aria-label=\"Infobox link\"><\/a>\n\t\t\t\t\t\t\t<\/div>\n\t\t<\/div>\n\t\t\t\t<\/div>\n\t\t\t\t<\/div>\n\t\t\t\t\t<\/div>\n\t\t<\/div>\n\t\t\t\t<div class=\"elementor-column elementor-col-33 elementor-inner-column elementor-element elementor-element-6fff577\" data-id=\"6fff577\" data-element_type=\"column\">\n\t\t\t<div class=\"elementor-widget-wrap elementor-element-populated\">\n\t\t\t\t\t\t<div class=\"elementor-element elementor-element-84d0b4f elementor-widget elementor-widget-wd_infobox\" data-id=\"84d0b4f\" data-element_type=\"widget\" data-widget_type=\"wd_infobox.default\">\n\t\t\t\t<div class=\"elementor-widget-container\">\n\t\t\t\t\t<div class=\"info-box-wrapper\">\n\t\t\t<div class=\"wd-info-box text-center box-icon-align-top box-style-base color-scheme-\">\n\t\t\t\t\t\t\t\t\t<div class=\"box-icon-wrapper  box-with-icon box-icon-simple\">\n\t\t\t\t\t\t<div class=\"info-box-icon\">\n\t\t\t\t\t\t\t\t\t\t\t\t\t\t\t<img loading=\"lazy\" decoding=\"async\" width=\"60\" height=\"60\" src=\"https:\/\/ebrarplastik.com.tr\/wp-content\/uploads\/2021\/01\/deneyim-icon.png\" class=\"attachment-60x60 size-60x60\" alt=\"\" \/>\t\t\t\t\t\t\t\t\t\t\t\t\t<\/div>\n\t\t\t\t\t<\/div>\n\t\t\t\t\n\t\t\t\t<div class=\"info-box-content\">\n\t\t\t\t\t\n\t\t\t\t\t\t\t\t\t\t\t<h4\t\t\t\t\t\tclass=\"info-box-title title box-title-style-default wd-fontsize-m\" data-elementor-setting-key=\"title\">\n\t\t\t\t\t\t\t\tExperience\t\t\t\t\t\t<\/h4>\n\t\t\t\t\t\n\t\t\t\t\t<div class=\"info-box-inner set-cont-mb-s reset-last-child\"data-elementor-setting-key=\"content\"><p>We provide services to our domestic and foreign customers with our experienced team through swift and high volume production at full performance.<\/p>\n<\/div>\n\n\t\t\t\t\t\t\t\t\t<\/div>\n\n\t\t\t\t\t\t\t\t\t<a href=\"#\" class=\"wd-info-box-link wd-fill\" aria-label=\"Infobox link\"><\/a>\n\t\t\t\t\t\t\t<\/div>\n\t\t<\/div>\n\t\t\t\t<\/div>\n\t\t\t\t<\/div>\n\t\t\t\t\t<\/div>\n\t\t<\/div>\n\t\t\t\t<div class=\"elementor-column elementor-col-33 elementor-inner-column elementor-element elementor-element-03e0ae6\" data-id=\"03e0ae6\" data-element_type=\"column\">\n\t\t\t<div class=\"elementor-widget-wrap elementor-element-populated\">\n\t\t\t\t\t\t<div class=\"elementor-element elementor-element-2eb5e10 elementor-widget elementor-widget-wd_infobox\" data-id=\"2eb5e10\" data-element_type=\"widget\" data-widget_type=\"wd_infobox.default\">\n\t\t\t\t<div class=\"elementor-widget-container\">\n\t\t\t\t\t<div class=\"info-box-wrapper\">\n\t\t\t<div class=\"wd-info-box text-center box-icon-align-top box-style-base color-scheme-\">\n\t\t\t\t\t\t\t\t\t<div class=\"box-icon-wrapper  box-with-icon box-icon-simple\">\n\t\t\t\t\t\t<div class=\"info-box-icon\">\n\t\t\t\t\t\t\t\t\t\t\t\t\t\t\t<img loading=\"lazy\" decoding=\"async\" width=\"60\" height=\"60\" src=\"https:\/\/ebrarplastik.com.tr\/wp-content\/uploads\/2021\/01\/tasarim-icon.png\" class=\"attachment-60x60 size-60x60\" alt=\"\" \/>\t\t\t\t\t\t\t\t\t\t\t\t\t<\/div>\n\t\t\t\t\t<\/div>\n\t\t\t\t\n\t\t\t\t<div class=\"info-box-content\">\n\t\t\t\t\t\n\t\t\t\t\t\t\t\t\t\t\t<h4\t\t\t\t\t\tclass=\"info-box-title title box-title-style-default wd-fontsize-m\" data-elementor-setting-key=\"title\">\n\t\t\t\t\t\t\t\tDesign\t\t\t\t\t\t<\/h4>\n\t\t\t\t\t\n\t\t\t\t\t<div class=\"info-box-inner set-cont-mb-s reset-last-child\"data-elementor-setting-key=\"content\"><p>We prepare your products with our professional in-house team to prepare your packaging cover design and branding productions with speed and quality.\u00a0<\/p>\n<\/div>\n\n\t\t\t\t\t\t\t\t\t<\/div>\n\n\t\t\t\t\t\t\t\t\t<a href=\"#\" class=\"wd-info-box-link wd-fill\" aria-label=\"Infobox link\"><\/a>\n\t\t\t\t\t\t\t<\/div>\n\t\t<\/div>\n\t\t\t\t<\/div>\n\t\t\t\t<\/div>\n\t\t\t\t\t<\/div>\n\t\t<\/div>\n\t\t\t\t\t<\/div>\n\t\t<\/section>\n\t\t\t\t\t<\/div>\n\t\t<\/div>\n\t\t\t\t\t<\/div>\n\t\t<\/section>\n\t\t\t\t<section class=\"wd-negative-gap elementor-section elementor-top-section elementor-element elementor-element-e3d1908 elementor-section-boxed elementor-section-height-default elementor-section-height-default\" data-id=\"e3d1908\" data-element_type=\"section\">\n\t\t\t\t\t\t<div class=\"elementor-container elementor-column-gap-extended\">\n\t\t\t\t\t<div class=\"elementor-column elementor-col-50 elementor-top-column elementor-element elementor-element-2712450\" data-id=\"2712450\" data-element_type=\"column\">\n\t\t\t<div class=\"elementor-widget-wrap elementor-element-populated\">\n\t\t\t\t\t\t<div class=\"elementor-element elementor-element-aaad6de elementor-widget elementor-widget-wd_banner\" data-id=\"aaad6de\" data-element_type=\"widget\" data-widget_type=\"wd_banner.default\">\n\t\t\t\t<div class=\"elementor-widget-container\">\n\t\t\t\t\t<div class=\"promo-banner-wrapper\">\n\t\t\t<div class=\"promo-banner banner-default banner-hover-parallax color-scheme-light banner-btn-size-default banner-btn-style-default with-btn banner-btn-position-static wd-with-link\">\n\t\t\t\t<div class=\"main-wrapp-img\">\n\t\t\t\t\t<div class=\"banner-image wd-without-height\">\n\t\t\t\t\t\t\t\t\t\t\t\t\t\t\t\t\t\t\t\t\t<img decoding=\"async\" src=\"https:\/\/ebrarplastik.com.tr\/wp-content\/uploads\/2021\/01\/anasayfa-urunler-min.jpg\" class=\"promo-banner-image\" alt=\"promo-banner-image\">\t\t\t\t\t\t\t\t\t\t\t\t\t\t\t\t\t\t<\/div>\n\t\t\t\t<\/div>\n\n\t\t\t\t<div class=\"wrapper-content-banner wd-fill wd-items-middle wd-justify-left\">\n\t\t\t\t\t<div class=\"content-banner  text-left\">\n\t\t\t\t\t\t\t\t\t\t\t\t\t<div class=\"banner-subtitle subtitle-style-default subtitle-color-default wd-fontsize-m\" data-elementor-setting-key=\"subtitle\">\n\t\t\t\t\t\t\t\tEbrar Plastic \t\t\t\t\t\t\t<\/div>\n\t\t\t\t\t\t\n\t\t\t\t\t\t\t\t\t\t\t\t\t<h4 class=\"banner-title wd-fontsize-xxl\" data-elementor-setting-key=\"title\">\n\t\t\t\t\t\t\t\tOur Services\t\t\t\t\t\t\t<\/h4>\n\t\t\t\t\t\t\n\t\t\t\t\t\t\n\t\t\t\t\t\t\n\t\t\t\t\t\t\t\t\t\t\t\t\t<div class=\"banner-btn-wrapper\">\n\t\t\t\t\t\t\t\t\t\t<div class=\"wd-button-wrapper text-left\" >\n\t\t\t<a class=\"btn btn-style-default btn-style-rectangle btn-size-default btn-color-primary btn-icon-pos-right\"  href=\"https:\/\/ebrarplastik.com.tr\/en\/our-services\/\">\n\t\t\t\t<span class=\"wd-btn-text\" data-elementor-setting-key=\"text\">\n\t\t\t\t\tReview\t\t\t\t<\/span>\n\n\t\t\t\t\t\t\t<\/a>\n\t\t<\/div>\n\t\t\t\t\t\t\t\t\t<\/div>\n\t\t\t\t\t\t\t\t\t\t\t<\/div>\n\t\t\t\t<\/div>\n\n\t\t\t\t\t\t\t\t\t<a href=\"https:\/\/ebrarplastik.com.tr\/en\/our-services\/\" class=\"wd-promo-banner-link wd-fill\" aria-label=\"Banner link\"><\/a>\n\t\t\t\t\t\t\t<\/div>\n\t\t<\/div>\n\t\t\t\t<\/div>\n\t\t\t\t<\/div>\n\t\t\t\t\t<\/div>\n\t\t<\/div>\n\t\t\t\t<div class=\"elementor-column elementor-col-50 elementor-top-column elementor-element elementor-element-7ee8c57\" data-id=\"7ee8c57\" data-element_type=\"column\">\n\t\t\t<div class=\"elementor-widget-wrap elementor-element-populated\">\n\t\t\t\t\t\t<div class=\"elementor-element elementor-element-38e2873 elementor-widget elementor-widget-wd_banner\" data-id=\"38e2873\" data-element_type=\"widget\" data-widget_type=\"wd_banner.default\">\n\t\t\t\t<div class=\"elementor-widget-container\">\n\t\t\t\t\t<div class=\"promo-banner-wrapper\">\n\t\t\t<div class=\"promo-banner banner-default banner-hover-parallax color-scheme-light banner-btn-size-default banner-btn-style-default with-btn banner-btn-position-static wd-with-link\">\n\t\t\t\t<div class=\"main-wrapp-img\">\n\t\t\t\t\t<div class=\"banner-image wd-without-height\">\n\t\t\t\t\t\t\t\t\t\t\t\t\t\t\t\t\t\t\t\t\t<img decoding=\"async\" src=\"https:\/\/ebrarplastik.com.tr\/wp-content\/uploads\/2021\/01\/anasayfa-sertifikalar-min.jpg\" class=\"promo-banner-image\" alt=\"promo-banner-image\">\t\t\t\t\t\t\t\t\t\t\t\t\t\t\t\t\t\t<\/div>\n\t\t\t\t<\/div>\n\n\t\t\t\t<div class=\"wrapper-content-banner wd-fill wd-items-middle wd-justify-left\">\n\t\t\t\t\t<div class=\"content-banner  text-left\">\n\t\t\t\t\t\t\t\t\t\t\t\t\t<div class=\"banner-subtitle subtitle-style-default subtitle-color-default wd-fontsize-m\" data-elementor-setting-key=\"subtitle\">\n\t\t\t\t\t\t\t\tEbrar Plastic \t\t\t\t\t\t\t<\/div>\n\t\t\t\t\t\t\n\t\t\t\t\t\t\t\t\t\t\t\t\t<h4 class=\"banner-title wd-fontsize-xxl\" data-elementor-setting-key=\"title\">\n\t\t\t\t\t\t\t\tOur Certificates\t\t\t\t\t\t\t<\/h4>\n\t\t\t\t\t\t\n\t\t\t\t\t\t\n\t\t\t\t\t\t\n\t\t\t\t\t\t\t\t\t\t\t\t\t<div class=\"banner-btn-wrapper\">\n\t\t\t\t\t\t\t\t\t\t<div class=\"wd-button-wrapper text-left\" >\n\t\t\t<a class=\"btn btn-style-default btn-style-rectangle btn-size-default btn-color-primary btn-icon-pos-right\"  href=\"https:\/\/ebrarplastik.com.tr\/en\/certificates\/\">\n\t\t\t\t<span class=\"wd-btn-text\" data-elementor-setting-key=\"text\">\n\t\t\t\t\tReview\t\t\t\t<\/span>\n\n\t\t\t\t\t\t\t<\/a>\n\t\t<\/div>\n\t\t\t\t\t\t\t\t\t<\/div>\n\t\t\t\t\t\t\t\t\t\t\t<\/div>\n\t\t\t\t<\/div>\n\n\t\t\t\t\t\t\t\t\t<a href=\"https:\/\/ebrarplastik.com.tr\/en\/certificates\/\" class=\"wd-promo-banner-link wd-fill\" aria-label=\"Banner link\"><\/a>\n\t\t\t\t\t\t\t<\/div>\n\t\t<\/div>\n\t\t\t\t<\/div>\n\t\t\t\t<\/div>\n\t\t\t\t\t<\/div>\n\t\t<\/div>\n\t\t\t\t\t<\/div>\n\t\t<\/section>\n\t\t\t\t<section class=\"wd-negative-gap elementor-section elementor-top-section elementor-element elementor-element-7da4af1 wd-section-stretch-content elementor-section-boxed elementor-section-height-default elementor-section-height-default\" data-id=\"7da4af1\" data-element_type=\"section\">\n\t\t\t\t\t\t<div class=\"elementor-container elementor-column-gap-no\">\n\t\t\t\t\t<div class=\"elementor-column elementor-col-50 elementor-top-column elementor-element elementor-element-7630e19\" data-id=\"7630e19\" data-element_type=\"column\">\n\t\t\t<div class=\"elementor-widget-wrap elementor-element-populated\">\n\t\t\t\t\t\t<div class=\"elementor-element elementor-element-c47299e wd-width-100 elementor-widget elementor-widget-wd_title\" data-id=\"c47299e\" data-element_type=\"widget\" data-widget_type=\"wd_title.default\">\n\t\t\t\t<div class=\"elementor-widget-container\">\n\t\t\t\t\t<div class=\"title-wrapper set-mb-s reset-last-child wd-title-color-default wd-title-style-default wd-title-size-extra-large text-left\">\n\n\t\t\t\n\t\t\t<div class=\"liner-continer\">\n\t\t\t\t<h4 class=\"woodmart-title-container title wd-fontsize-xxxl\">About us<\/h4> \n\t\t\t\t\t\t\t<\/div>\n\n\t\t\t\t\t<\/div>\n\t\t\t\t<\/div>\n\t\t\t\t<\/div>\n\t\t\t\t<div class=\"elementor-element elementor-element-2bcee13 color-scheme-dark text-left elementor-widget elementor-widget-text-editor\" data-id=\"2bcee13\" data-element_type=\"widget\" data-widget_type=\"text-editor.default\">\n\t\t\t\t<div class=\"elementor-widget-container\">\n\t\t\t\t\t\t\tEBRAR DO\u011eRU PLAST\u0130K is a brand of the company \u201cEBRAR DEM\u0130R\u00c7EL\u0130K PLAST\u0130K TEKS. OTO. GIDA SAN. ve T\u0130C. LTD. \u015eT\u0130. \u201c  and the company continues its activities in the food, chemical, and packaging sectors.\t\t\t\t\t\t<\/div>\n\t\t\t\t<\/div>\n\t\t\t\t<div class=\"elementor-element elementor-element-45e04b5 color-scheme-inherit text-left elementor-widget elementor-widget-text-editor\" data-id=\"45e04b5\" data-element_type=\"widget\" data-widget_type=\"text-editor.default\">\n\t\t\t\t<div class=\"elementor-widget-container\">\n\t\t\t\t\t\t\t<p>Our company, which aims to be a leader in its sector of food and chemical packaging through continuous improvement, acts with the conscience that the products it produces will meet with the consumer and their interactions in the society will have beneficial results for all.<\/p><p>Our mission is to ensure the unconditional appreciation of our products, which reach to the consumers from all quarters of the society, by producing in high-quality standards without compromise.<\/p>\t\t\t\t\t\t<\/div>\n\t\t\t\t<\/div>\n\t\t\t\t\t<\/div>\n\t\t<\/div>\n\t\t\t\t<div class=\"elementor-column elementor-col-50 elementor-top-column elementor-element elementor-element-fb20d7a\" data-id=\"fb20d7a\" data-element_type=\"column\">\n\t\t\t<div class=\"elementor-widget-wrap elementor-element-populated\">\n\t\t\t\t\t\t<div class=\"elementor-element elementor-element-46803b8 wd-width-100 elementor-widget elementor-widget-wd_images_gallery\" data-id=\"46803b8\" data-element_type=\"widget\" data-widget_type=\"wd_images_gallery.default\">\n\t\t\t\t<div class=\"elementor-widget-container\">\n\t\t\t\t\t<div class=\"wd-images-gallery photoswipe-images\" style=\"--wd-align-items:center; --wd-justify-content:center;\">\n\t\t\t\t\t\t<div class=\"wd-grid-g\" style=\"--wd-col-lg:1;--wd-col-md:1;--wd-col-sm:1;--wd-gap-lg:2px;\" >\n\t\t\t\t\t\t\t\t\t\t\t\t\t\t\t\t\t\t<div class=\"wd-gallery-item wd-col\">\n\t\t\t\t\t\t\t\t\t\t\t\t\t<a  href=\"https:\/\/ebrarplastik.com.tr\/wp-content\/uploads\/2021\/02\/ebrar-hakkimizda2-1.png\"data-width=\"1200\" data-height=\"720\" data-index=\"1\" data-elementor-open-lightbox=\"no\">\n\t\t\t\t\t\t\n\t\t\t\t\t\t<img decoding=\"async\" src=\"https:\/\/ebrarplastik.com.tr\/wp-content\/uploads\/2021\/02\/ebrar-hakkimizda2-1.png\"alt=\"ebrar-hakkimizda2\">\n\t\t\t\t\t\t\t\t\t\t\t\t\t<\/a>\n\t\t\t\t\t\t\t\t\t\t\t<\/div>\n\t\t\t\t\t\t\t\t\t\t\t\t\t<\/div>\n\t\t\t\t\t<\/div>\n\t\t\t\t<\/div>\n\t\t\t\t<\/div>\n\t\t\t\t\t<\/div>\n\t\t<\/div>\n\t\t\t\t\t<\/div>\n\t\t<\/section>\n\t\t\t\t<\/div>\n\t\t","protected":false},"excerpt":{"rendered":"<p>High quality As one of the leading companies in the sector, we utilize state of the art machines in our<\/p>\n","protected":false},"author":1,"featured_media":0,"parent":0,"menu_order":0,"comment_status":"closed","ping_status":"closed","template":"","meta":{"footnotes":""},"class_list":["post-10267","page","type-page","status-publish","hentry"],"_links":{"self":[{"href":"https:\/\/ebrarplastik.com.tr\/en\/wp-json\/wp\/v2\/pages\/10267","targetHints":{"allow":["GET"]}}],"collection":[{"href":"https:\/\/ebrarplastik.com.tr\/en\/wp-json\/wp\/v2\/pages"}],"about":[{"href":"https:\/\/ebrarplastik.com.tr\/en\/wp-json\/wp\/v2\/types\/page"}],"author":[{"embeddable":true,"href":"https:\/\/ebrarplastik.com.tr\/en\/wp-json\/wp\/v2\/users\/1"}],"replies":[{"embeddable":true,"href":"https:\/\/ebrarplastik.com.tr\/en\/wp-json\/wp\/v2\/comments?post=10267"}],"version-history":[{"count":16,"href":"https:\/\/ebrarplastik.com.tr\/en\/wp-json\/wp\/v2\/pages\/10267\/revisions"}],"predecessor-version":[{"id":11120,"href":"https:\/\/ebrarplastik.com.tr\/en\/wp-json\/wp\/v2\/pages\/10267\/revisions\/11120"}],"wp:attachment":[{"href":"https:\/\/ebrarplastik.com.tr\/en\/wp-json\/wp\/v2\/media?parent=10267"}],"curies":[{"name":"wp","href":"https:\/\/api.w.org\/{rel}","templated":true}]}}