{"id":10271,"date":"2017-07-13T07:19:33","date_gmt":"2017-07-13T07:19:33","guid":{"rendered":"https:\/\/dgrplastik.com\/hakkimizda\/"},"modified":"2021-02-17T09:40:11","modified_gmt":"2021-02-17T09:40:11","slug":"about-us","status":"publish","type":"page","link":"https:\/\/ebrarplastik.com.tr\/en\/about-us\/","title":{"rendered":"About us"},"content":{"rendered":"\t\t<div data-elementor-type=\"wp-page\" data-elementor-id=\"10271\" class=\"elementor elementor-10271 elementor-850\">\n\t\t\t\t\t\t<section class=\"wd-negative-gap elementor-section elementor-top-section elementor-element elementor-element-5915214 wd-section-stretch elementor-reverse-mobile elementor-section-boxed elementor-section-height-default elementor-section-height-default\" data-id=\"5915214\" data-element_type=\"section\">\n\t\t\t\t\t\t<div class=\"elementor-container elementor-column-gap-no\">\n\t\t\t\t\t<div class=\"elementor-column elementor-col-50 elementor-top-column elementor-element elementor-element-5876985 wd-elementor-sticky-column wd_sticky_offset_150\" data-id=\"5876985\" data-element_type=\"column\">\n\t\t\t<div class=\"elementor-widget-wrap elementor-element-populated\">\n\t\t\t\t\t\t<div class=\"elementor-element elementor-element-413bb81 color-scheme-dark text-left elementor-widget elementor-widget-text-editor\" data-id=\"413bb81\" data-element_type=\"widget\" data-widget_type=\"text-editor.default\">\n\t\t\t\t<div class=\"elementor-widget-container\">\n\t\t\t\t\t\t\tEBRAR DO\u011eRU PLAST\u0130K is a brand of the company \u201cEBRAR DEM\u0130R\u00c7EL\u0130K PLAST\u0130K TEKS. OTO. GIDA SAN. ve T\u0130C. LTD. \u015eT\u0130. \u201c  and the company continues its activities in the food, chemical, and packaging sectors.\t\t\t\t\t\t<\/div>\n\t\t\t\t<\/div>\n\t\t\t\t<div class=\"elementor-element elementor-element-933910 color-scheme-inherit text-left elementor-widget elementor-widget-text-editor\" data-id=\"933910\" data-element_type=\"widget\" data-widget_type=\"text-editor.default\">\n\t\t\t\t<div class=\"elementor-widget-container\">\n\t\t\t\t\t\t\t<p>Our company, which aims to be a leader in its sector of food and chemical packaging through continuous improvement, acts with the conscience that the products it produces will meet with the consumer and their interactions in the society will have beneficial results for all.<\/p><p>Our mission is to ensure the unconditional appreciation of our products, which reach to the consumers from all quarters of the society, by producing in high-quality standards without compromise.<\/p>\t\t\t\t\t\t<\/div>\n\t\t\t\t<\/div>\n\t\t\t\t\t<\/div>\n\t\t<\/div>\n\t\t\t\t<div class=\"elementor-column elementor-col-50 elementor-top-column elementor-element elementor-element-1806576\" data-id=\"1806576\" data-element_type=\"column\">\n\t\t\t<div class=\"elementor-widget-wrap elementor-element-populated\">\n\t\t\t\t\t\t<div class=\"elementor-element elementor-element-2175120 wd-width-100 elementor-widget elementor-widget-wd_images_gallery\" data-id=\"2175120\" data-element_type=\"widget\" data-widget_type=\"wd_images_gallery.default\">\n\t\t\t\t<div class=\"elementor-widget-container\">\n\t\t\t\t\t<div class=\"wd-images-gallery photoswipe-images\" style=\"--wd-align-items:center; --wd-justify-content:center;\">\n\t\t\t\t\t\t<div class=\"wd-grid-g\" style=\"--wd-col-lg:1;--wd-col-md:1;--wd-col-sm:1;--wd-gap-lg:2px;\" >\n\t\t\t\t\t\t\t\t\t\t\t\t\t\t\t\t\t\t<div class=\"wd-gallery-item wd-col\">\n\t\t\t\t\t\t\t\t\t\t\t\t\t<a  href=\"https:\/\/ebrarplastik.com.tr\/wp-content\/uploads\/2021\/02\/ebrar-hakkimizda2.png\"data-width=\"1200\" data-height=\"720\" data-index=\"1\" data-elementor-open-lightbox=\"no\">\n\t\t\t\t\t\t\n\t\t\t\t\t\t<img decoding=\"async\" src=\"https:\/\/ebrarplastik.com.tr\/wp-content\/uploads\/2021\/02\/ebrar-hakkimizda2.png\"alt=\"ebrar-hakkimizda2\">\n\t\t\t\t\t\t\t\t\t\t\t\t\t<\/a>\n\t\t\t\t\t\t\t\t\t\t\t<\/div>\n\t\t\t\t\t\t\t\t\t\t\t\t\t<\/div>\n\t\t\t\t\t<\/div>\n\t\t\t\t<\/div>\n\t\t\t\t<\/div>\n\t\t\t\t\t<\/div>\n\t\t<\/div>\n\t\t\t\t\t<\/div>\n\t\t<\/section>\n\t\t\t\t<section class=\"wd-negative-gap elementor-section elementor-top-section elementor-element elementor-element-6925506 wd-section-stretch-content elementor-hidden-desktop elementor-hidden-tablet elementor-hidden-phone elementor-section-boxed elementor-section-height-default elementor-section-height-default\" data-id=\"6925506\" data-element_type=\"section\">\n\t\t\t\t\t\t<div class=\"elementor-container elementor-column-gap-default\">\n\t\t\t\t\t<div class=\"elementor-column elementor-col-50 elementor-top-column elementor-element elementor-element-5899758 wd-elementor-sticky-column wd_sticky_offset_150\" data-id=\"5899758\" data-element_type=\"column\">\n\t\t\t<div class=\"elementor-widget-wrap elementor-element-populated\">\n\t\t\t\t\t\t<div class=\"elementor-element elementor-element-4986618 wd-width-100 elementor-widget elementor-widget-wd_title\" data-id=\"4986618\" data-element_type=\"widget\" data-widget_type=\"wd_title.default\">\n\t\t\t\t<div class=\"elementor-widget-container\">\n\t\t\t\t\t<div class=\"title-wrapper set-mb-s reset-last-child wd-title-color-default wd-title-style-default wd-title-size-extra-large text-left\">\n\n\t\t\t\t\t\t\t<div class=\"title-subtitle subtitle-color-default subtitle-style-default wd-fontsize-m\">\n\t\t\t\t\tWelcome to our WoodMart website\t\t\t\t<\/div>\n\t\t\t\n\t\t\t<div class=\"liner-continer\">\n\t\t\t\t<h4 class=\"woodmart-title-container title wd-fontsize-xxxl\">02. Developers team<\/h4> \n\t\t\t\t\t\t\t<\/div>\n\n\t\t\t\t\t<\/div>\n\t\t\t\t<\/div>\n\t\t\t\t<\/div>\n\t\t\t\t<div class=\"elementor-element elementor-element-b2ec82a color-scheme-dark text-left elementor-widget elementor-widget-text-editor\" data-id=\"b2ec82a\" data-element_type=\"widget\" data-widget_type=\"text-editor.default\">\n\t\t\t\t<div class=\"elementor-widget-container\">\n\t\t\t\t\t\t\t<p>Euismod phasellus ac lectus fusce parturient cubilia a nisi blandit sem cras nec tempor adipiscing rcu ullamcorper ligula.<\/p>\t\t\t\t\t\t<\/div>\n\t\t\t\t<\/div>\n\t\t\t\t<div class=\"elementor-element elementor-element-5717540 color-scheme-inherit text-left elementor-widget elementor-widget-text-editor\" data-id=\"5717540\" data-element_type=\"widget\" data-widget_type=\"text-editor.default\">\n\t\t\t\t<div class=\"elementor-widget-container\">\n\t\t\t\t\t\t\t<p>Diam lacinia a inceptos parturient mattis ut ut condimentum rhoncus a consequat a ullamcorper leo lacinia convallis mattis elementum parturient curae et in montes a.\u00a0Commodo metus id feugiat ad dis ultrices turpis varius id.<\/p>\n\t\t\t\t\t\t<\/div>\n\t\t\t\t<\/div>\n\t\t\t\t<div class=\"elementor-element elementor-element-e49133d elementor-widget__width-auto elementor-widget elementor-widget-image\" data-id=\"e49133d\" data-element_type=\"widget\" data-widget_type=\"image.default\">\n\t\t\t\t<div class=\"elementor-widget-container\">\n\t\t\t\t\t\t\t\t\t\t\t\t\t<img decoding=\"async\" src=\"https:\/\/ebrarplastik.com.tr\/wp-content\/uploads\/elementor\/thumbs\/team-member-alt3-1-small-p2b2pcrr214hd0d3tlf9whjj8gluvedobc5v3grfbw.png\" title=\"team-member-alt3-1-small\" alt=\"team-member-alt3-1-small\" loading=\"lazy\" \/>\t\t\t\t\t\t\t\t\t\t\t\t\t<\/div>\n\t\t\t\t<\/div>\n\t\t\t\t<div class=\"elementor-element elementor-element-dbb21f4 elementor-widget__width-auto color-scheme-inherit text-left elementor-widget elementor-widget-text-editor\" data-id=\"dbb21f4\" data-element_type=\"widget\" data-widget_type=\"text-editor.default\">\n\t\t\t\t<div class=\"elementor-widget-container\">\n\t\t\t\t\t\t\t<p><i>by <span style=\"color: #83b735\"><b>John Mcgonagall<\/b><\/span><\/i><em>&#8211; CEO<\/em><\/p>\t\t\t\t\t\t<\/div>\n\t\t\t\t<\/div>\n\t\t\t\t\t<\/div>\n\t\t<\/div>\n\t\t\t\t<div class=\"elementor-column elementor-col-50 elementor-top-column elementor-element elementor-element-6259314\" data-id=\"6259314\" data-element_type=\"column\">\n\t\t\t<div class=\"elementor-widget-wrap elementor-element-populated\">\n\t\t\t\t\t\t<section class=\"wd-negative-gap elementor-section elementor-inner-section elementor-element elementor-element-2157038 elementor-section-boxed elementor-section-height-default elementor-section-height-default\" data-id=\"2157038\" data-element_type=\"section\">\n\t\t\t\t\t\t<div class=\"elementor-container elementor-column-gap-no\">\n\t\t\t\t\t<div class=\"elementor-column elementor-col-50 elementor-inner-column elementor-element elementor-element-7974258\" data-id=\"7974258\" data-element_type=\"column\">\n\t\t\t<div class=\"elementor-widget-wrap elementor-element-populated\">\n\t\t\t\t\t\t<div class=\"elementor-element elementor-element-9790163 elementor-widget elementor-widget-wd_team_member\" data-id=\"9790163\" data-element_type=\"widget\" data-widget_type=\"wd_team_member.default\">\n\t\t\t\t<div class=\"elementor-widget-container\">\n\t\t\t\t\t<div class=\"team-member member-layout-default text-center color-scheme-dark\">\n\t\t\t\t\t\t\t<div class=\"member-image-wrapper\">\n\t\t\t\t\t<div class=\"member-image\">\n\t\t\t\t\t\t<img fetchpriority=\"high\" decoding=\"async\" width=\"400\" height=\"600\" src=\"https:\/\/ebrarplastik.com.tr\/wp-content\/uploads\/2017\/07\/team.jpg\" class=\"attachment-full size-full\" alt=\"\" \/>\t\t\t\t\t<\/div>\n\t\t\t\t<\/div>\n\t\t\t\n\t\t\t<div class=\"member-details set-mb-s reset-last-child\">\n\t\t\t\t\t\t\t\t\t<h4 class=\"member-name\">\n\t\t\t\t\t\tJohn Doe\t\t\t\t\t<\/h4>\n\t\t\t\t\n\t\t\t\t\t\t\t\t\t<div class=\"member-position\">\n\t\t\t\t\t\tJunior Developer\t\t\t\t\t<\/div>\n\t\t\t\t\n\t\t\t\t\n\t\t\t\t\t\t<div class=\"member-social\">\n\t\t\t<div class=\"wd-social-icons  icons-design-colored icons-size-small social-form-circle\">\n\t\t\t\t\t\t\t\t\t<a rel=\"noopener noreferrer nofollow\" class=\"wd-social-icon social-facebook\" href=\"#\">\n\t\t\t\t\t\t<span class=\"wd-icon\"><\/span>\n\t\t\t\t\t<\/a>\n\t\t\t\t\n\t\t\t\t\t\t\t\t\t<a rel=\"noopener noreferrer nofollow\" class=\"wd-social-icon social-twitter\" href=\"#\">\n\t\t\t\t\t\t<span class=\"wd-icon\"><\/span>\n\t\t\t\t\t<\/a>\n\t\t\t\t\n\t\t\t\t\t\t\t\t\t<a rel=\"noopener noreferrer nofollow\" class=\"wd-social-icon social-linkedin\" href=\"#\">\n\t\t\t\t\t\t<span class=\"wd-icon\"><\/span>\n\t\t\t\t\t<\/a>\n\t\t\t\t\n\t\t\t\t\n\t\t\t\t\t\t\t<\/div>\n\t\t<\/div>\n\t\t\t\t\t<\/div>\n\t\t<\/div>\n\t\t\t\t<\/div>\n\t\t\t\t<\/div>\n\t\t\t\t\t<\/div>\n\t\t<\/div>\n\t\t\t\t<div class=\"elementor-column elementor-col-50 elementor-top-column elementor-element elementor-element-4266560\" data-id=\"4266560\" data-element_type=\"column\">\n\t\t\t<div class=\"elementor-widget-wrap elementor-element-populated\">\n\t\t\t\t\t\t<div class=\"elementor-element elementor-element-7608959 elementor-widget elementor-widget-wd_team_member\" data-id=\"7608959\" data-element_type=\"widget\" data-widget_type=\"wd_team_member.default\">\n\t\t\t\t<div class=\"elementor-widget-container\">\n\t\t\t\t\t<div class=\"team-member member-layout-default text-center color-scheme-dark\">\n\t\t\t\t\t\t\t<div class=\"member-image-wrapper\">\n\t\t\t\t\t<div class=\"member-image\">\n\t\t\t\t\t\t<img fetchpriority=\"high\" decoding=\"async\" width=\"400\" height=\"600\" src=\"https:\/\/ebrarplastik.com.tr\/wp-content\/uploads\/2017\/07\/team.jpg\" class=\"attachment-full size-full\" alt=\"\" \/>\t\t\t\t\t<\/div>\n\t\t\t\t<\/div>\n\t\t\t\n\t\t\t<div class=\"member-details set-mb-s reset-last-child\">\n\t\t\t\t\t\t\t\t\t<h4 class=\"member-name\">\n\t\t\t\t\t\tJoahna Doe\t\t\t\t\t<\/h4>\n\t\t\t\t\n\t\t\t\t\t\t\t\t\t<div class=\"member-position\">\n\t\t\t\t\t\tCreative Director\t\t\t\t\t<\/div>\n\t\t\t\t\n\t\t\t\t\n\t\t\t\t\t\t<div class=\"member-social\">\n\t\t\t<div class=\"wd-social-icons  icons-design-colored icons-size-small social-form-circle\">\n\t\t\t\t\t\t\t\t\t<a rel=\"noopener noreferrer nofollow\" class=\"wd-social-icon social-facebook\" href=\"#\">\n\t\t\t\t\t\t<span class=\"wd-icon\"><\/span>\n\t\t\t\t\t<\/a>\n\t\t\t\t\n\t\t\t\t\t\t\t\t\t<a rel=\"noopener noreferrer nofollow\" class=\"wd-social-icon social-twitter\" href=\"#\">\n\t\t\t\t\t\t<span class=\"wd-icon\"><\/span>\n\t\t\t\t\t<\/a>\n\t\t\t\t\n\t\t\t\t\t\t\t\t\t<a rel=\"noopener noreferrer nofollow\" class=\"wd-social-icon social-linkedin\" href=\"#\">\n\t\t\t\t\t\t<span class=\"wd-icon\"><\/span>\n\t\t\t\t\t<\/a>\n\t\t\t\t\n\t\t\t\t\n\t\t\t\t\t\t\t<\/div>\n\t\t<\/div>\n\t\t\t\t\t<\/div>\n\t\t<\/div>\n\t\t\t\t<\/div>\n\t\t\t\t<\/div>\n\t\t\t\t\t<\/div>\n\t\t<\/div>\n\t\t\t\t\t<\/div>\n\t\t<\/section>\n\t\t\t\t<section class=\"wd-negative-gap elementor-section elementor-inner-section elementor-element elementor-element-4576002 elementor-section-boxed elementor-section-height-default elementor-section-height-default\" data-id=\"4576002\" data-element_type=\"section\">\n\t\t\t\t\t\t<div class=\"elementor-container elementor-column-gap-no\">\n\t\t\t\t\t<div class=\"elementor-column elementor-col-50 elementor-inner-column elementor-element elementor-element-5163241\" data-id=\"5163241\" data-element_type=\"column\">\n\t\t\t<div class=\"elementor-widget-wrap elementor-element-populated\">\n\t\t\t\t\t\t<div class=\"elementor-element elementor-element-7935592 elementor-widget elementor-widget-wd_team_member\" data-id=\"7935592\" data-element_type=\"widget\" data-widget_type=\"wd_team_member.default\">\n\t\t\t\t<div class=\"elementor-widget-container\">\n\t\t\t\t\t<div class=\"team-member member-layout-default text-center color-scheme-dark\">\n\t\t\t\t\t\t\t<div class=\"member-image-wrapper\">\n\t\t\t\t\t<div class=\"member-image\">\n\t\t\t\t\t\t<img fetchpriority=\"high\" decoding=\"async\" width=\"400\" height=\"600\" src=\"https:\/\/ebrarplastik.com.tr\/wp-content\/uploads\/2017\/07\/team.jpg\" class=\"attachment-full size-full\" alt=\"\" \/>\t\t\t\t\t<\/div>\n\t\t\t\t<\/div>\n\t\t\t\n\t\t\t<div class=\"member-details set-mb-s reset-last-child\">\n\t\t\t\t\t\t\t\t\t<h4 class=\"member-name\">\n\t\t\t\t\t\tJoahna Doe\t\t\t\t\t<\/h4>\n\t\t\t\t\n\t\t\t\t\t\t\t\t\t<div class=\"member-position\">\n\t\t\t\t\t\tCreative Director\t\t\t\t\t<\/div>\n\t\t\t\t\n\t\t\t\t\n\t\t\t\t\t\t<div class=\"member-social\">\n\t\t\t<div class=\"wd-social-icons  icons-design-colored icons-size-small social-form-circle\">\n\t\t\t\t\t\t\t\t\t<a rel=\"noopener noreferrer nofollow\" class=\"wd-social-icon social-facebook\" href=\"#\">\n\t\t\t\t\t\t<span class=\"wd-icon\"><\/span>\n\t\t\t\t\t<\/a>\n\t\t\t\t\n\t\t\t\t\t\t\t\t\t<a rel=\"noopener noreferrer nofollow\" class=\"wd-social-icon social-twitter\" href=\"#\">\n\t\t\t\t\t\t<span class=\"wd-icon\"><\/span>\n\t\t\t\t\t<\/a>\n\t\t\t\t\n\t\t\t\t\t\t\t\t\t<a rel=\"noopener noreferrer nofollow\" class=\"wd-social-icon social-linkedin\" href=\"#\">\n\t\t\t\t\t\t<span class=\"wd-icon\"><\/span>\n\t\t\t\t\t<\/a>\n\t\t\t\t\n\t\t\t\t\n\t\t\t\t\t\t\t<\/div>\n\t\t<\/div>\n\t\t\t\t\t<\/div>\n\t\t<\/div>\n\t\t\t\t<\/div>\n\t\t\t\t<\/div>\n\t\t\t\t\t<\/div>\n\t\t<\/div>\n\t\t\t\t<div class=\"elementor-column elementor-col-50 elementor-top-column elementor-element elementor-element-9896008\" data-id=\"9896008\" data-element_type=\"column\">\n\t\t\t<div class=\"elementor-widget-wrap elementor-element-populated\">\n\t\t\t\t\t\t<div class=\"elementor-element elementor-element-1997208 elementor-widget elementor-widget-wd_team_member\" data-id=\"1997208\" data-element_type=\"widget\" data-widget_type=\"wd_team_member.default\">\n\t\t\t\t<div class=\"elementor-widget-container\">\n\t\t\t\t\t<div class=\"team-member member-layout-default text-center color-scheme-dark\">\n\t\t\t\t\t\t\t<div class=\"member-image-wrapper\">\n\t\t\t\t\t<div class=\"member-image\">\n\t\t\t\t\t\t<img fetchpriority=\"high\" decoding=\"async\" width=\"400\" height=\"600\" src=\"https:\/\/ebrarplastik.com.tr\/wp-content\/uploads\/2017\/07\/team.jpg\" class=\"attachment-full size-full\" alt=\"\" \/>\t\t\t\t\t<\/div>\n\t\t\t\t<\/div>\n\t\t\t\n\t\t\t<div class=\"member-details set-mb-s reset-last-child\">\n\t\t\t\t\t\t\t\t\t<h4 class=\"member-name\">\n\t\t\t\t\t\tJohn Doe\t\t\t\t\t<\/h4>\n\t\t\t\t\n\t\t\t\t\t\t\t\t\t<div class=\"member-position\">\n\t\t\t\t\t\tJunior Developer\t\t\t\t\t<\/div>\n\t\t\t\t\n\t\t\t\t\n\t\t\t\t\t\t<div class=\"member-social\">\n\t\t\t<div class=\"wd-social-icons  icons-design-colored icons-size-small social-form-circle\">\n\t\t\t\t\t\t\t\t\t<a rel=\"noopener noreferrer nofollow\" class=\"wd-social-icon social-facebook\" href=\"#\">\n\t\t\t\t\t\t<span class=\"wd-icon\"><\/span>\n\t\t\t\t\t<\/a>\n\t\t\t\t\n\t\t\t\t\t\t\t\t\t<a rel=\"noopener noreferrer nofollow\" class=\"wd-social-icon social-twitter\" href=\"#\">\n\t\t\t\t\t\t<span class=\"wd-icon\"><\/span>\n\t\t\t\t\t<\/a>\n\t\t\t\t\n\t\t\t\t\t\t\t\t\t<a rel=\"noopener noreferrer nofollow\" class=\"wd-social-icon social-linkedin\" href=\"#\">\n\t\t\t\t\t\t<span class=\"wd-icon\"><\/span>\n\t\t\t\t\t<\/a>\n\t\t\t\t\n\t\t\t\t\n\t\t\t\t\t\t\t<\/div>\n\t\t<\/div>\n\t\t\t\t\t<\/div>\n\t\t<\/div>\n\t\t\t\t<\/div>\n\t\t\t\t<\/div>\n\t\t\t\t\t<\/div>\n\t\t<\/div>\n\t\t\t\t\t<\/div>\n\t\t<\/section>\n\t\t\t\t\t<\/div>\n\t\t<\/div>\n\t\t\t\t\t<\/div>\n\t\t<\/section>\n\t\t\t\t<section class=\"wd-negative-gap elementor-section elementor-top-section elementor-element elementor-element-4968093 wd-section-stretch-content elementor-hidden-desktop elementor-hidden-tablet elementor-hidden-phone elementor-section-boxed elementor-section-height-default elementor-section-height-default\" data-id=\"4968093\" data-element_type=\"section\">\n\t\t\t\t\t\t<div class=\"elementor-container elementor-column-gap-default\">\n\t\t\t\t\t<div class=\"elementor-column elementor-col-50 elementor-top-column elementor-element elementor-element-1393894\" data-id=\"1393894\" data-element_type=\"column\">\n\t\t\t<div class=\"elementor-widget-wrap elementor-element-populated\">\n\t\t\t\t\t\t<div class=\"elementor-element elementor-element-8914513 wd-width-100 elementor-widget elementor-widget-wd_portfolio\" data-id=\"8914513\" data-element_type=\"widget\" data-widget_type=\"wd_portfolio.default\">\n\t\t\t\t<div class=\"elementor-widget-container\">\n\t\t\t\t\t\t\t\t\n\t<article id=\"post-0\" class=\"post no-results not-found\">\n\t\t<header class=\"entry-header\">\n\t\t\t<h1 class=\"entry-title\">Nothing Found<\/h1>\n\t\t<\/header>\n\n\t\t<div class=\"entry-content\">\n\t\t\t<p>Apologies, but no results were found. Perhaps searching will help find a related post.<\/p>\n\t\t\t\t\t\t<div class=\"wd-search-form\">\n\t\t\t\t\n\t\t\t\t\n\t\t\t\t<form role=\"search\" method=\"get\" class=\"searchform  wd-cat-style-bordered\" action=\"https:\/\/ebrarplastik.com.tr\/en\/\" >\n\t\t\t\t\t<input type=\"text\" class=\"s\" placeholder=\"Search for posts\" value=\"\" name=\"s\" aria-label=\"Search\" title=\"Search for posts\" required\/>\n\t\t\t\t\t<input type=\"hidden\" name=\"post_type\" value=\"post\">\n\t\t\t\t\t\t\t\t\t\t<button type=\"submit\" class=\"searchsubmit\">\n\t\t\t\t\t\t<span>\n\t\t\t\t\t\t\tSearch\t\t\t\t\t\t<\/span>\n\t\t\t\t\t\t\t\t\t\t\t<\/button>\n\t\t\t\t<\/form>\n\n\t\t\t\t\n\t\t\t\t\n\t\t\t\t\n\t\t\t\t\n\t\t\t\t\t\t\t<\/div>\n\t\t\t\t<\/div><!-- .entry-content -->\n\t<\/article><!-- #post-0 -->\n\t\t\t\t\t\t<\/div>\n\t\t\t\t<\/div>\n\t\t\t\t\t<\/div>\n\t\t<\/div>\n\t\t\t\t<div class=\"elementor-column elementor-col-50 elementor-top-column elementor-element elementor-element-5938161 wd-elementor-sticky-column wd_sticky_offset_150\" data-id=\"5938161\" data-element_type=\"column\">\n\t\t\t<div class=\"elementor-widget-wrap elementor-element-populated\">\n\t\t\t\t\t\t<div class=\"elementor-element elementor-element-7819873 wd-width-100 elementor-widget elementor-widget-wd_title\" data-id=\"7819873\" data-element_type=\"widget\" data-widget_type=\"wd_title.default\">\n\t\t\t\t<div class=\"elementor-widget-container\">\n\t\t\t\t\t<div class=\"title-wrapper set-mb-s reset-last-child wd-title-color-default wd-title-style-default wd-title-size-extra-large text-left\">\n\n\t\t\t\t\t\t\t<div class=\"title-subtitle subtitle-color-default subtitle-style-default wd-fontsize-m\">\n\t\t\t\t\tWelcome to our WoodMart website\t\t\t\t<\/div>\n\t\t\t\n\t\t\t<div class=\"liner-continer\">\n\t\t\t\t<h4 class=\"woodmart-title-container title wd-fontsize-xxxl\">03. Studio latest projects<\/h4> \n\t\t\t\t\t\t\t<\/div>\n\n\t\t\t\t\t<\/div>\n\t\t\t\t<\/div>\n\t\t\t\t<\/div>\n\t\t\t\t<div class=\"elementor-element elementor-element-40e861a color-scheme-dark text-left elementor-widget elementor-widget-text-editor\" data-id=\"40e861a\" data-element_type=\"widget\" data-widget_type=\"text-editor.default\">\n\t\t\t\t<div class=\"elementor-widget-container\">\n\t\t\t\t\t\t\t<p>Euismod phasellus ac lectus fusce parturient cubilia a nisi blandit sem cras nec tempor adipiscing rcu ullamcorper ligula.<\/p>\t\t\t\t\t\t<\/div>\n\t\t\t\t<\/div>\n\t\t\t\t<div class=\"elementor-element elementor-element-2921775 color-scheme-inherit text-left elementor-widget elementor-widget-text-editor\" data-id=\"2921775\" data-element_type=\"widget\" data-widget_type=\"text-editor.default\">\n\t\t\t\t<div class=\"elementor-widget-container\">\n\t\t\t\t\t\t\t<p>Justo elit non curae fermentum est dictumst rhoncus mauris placerat nunc luctus mattis torquent cum magnis ut a vestibulum mus sodales ultricies. A a duis venenatis sagittis dictumst ligula viverra auctor molestie facilisi vestibulum semper. Ac viverra in consectetur nibh a commodo phasellus a parturient non fringilla cum.<\/p>\n\t\t\t\t\t\t<\/div>\n\t\t\t\t<\/div>\n\t\t\t\t<div class=\"elementor-element elementor-element-205bbf0 elementor-widget__width-auto elementor-widget elementor-widget-image\" data-id=\"205bbf0\" data-element_type=\"widget\" data-widget_type=\"image.default\">\n\t\t\t\t<div class=\"elementor-widget-container\">\n\t\t\t\t\t\t\t\t\t\t\t\t\t<img decoding=\"async\" src=\"https:\/\/ebrarplastik.com.tr\/wp-content\/uploads\/elementor\/thumbs\/team-member-alt3-1-small-p2b2pcrr214hd0d3tlf9whjj8gluvedobc5v3grfbw.png\" title=\"team-member-alt3-1-small\" alt=\"team-member-alt3-1-small\" loading=\"lazy\" \/>\t\t\t\t\t\t\t\t\t\t\t\t\t<\/div>\n\t\t\t\t<\/div>\n\t\t\t\t<div class=\"elementor-element elementor-element-c463ed2 elementor-widget__width-auto color-scheme-inherit text-left elementor-widget elementor-widget-text-editor\" data-id=\"c463ed2\" data-element_type=\"widget\" data-widget_type=\"text-editor.default\">\n\t\t\t\t<div class=\"elementor-widget-container\">\n\t\t\t\t\t\t\t<p><i>by <\/i><span style=\"color: #83b735\"><em><b>John Mcgonagall<\/b><\/em><\/span><em>&#8211; CEO<\/em><\/p>\t\t\t\t\t\t<\/div>\n\t\t\t\t<\/div>\n\t\t\t\t\t<\/div>\n\t\t<\/div>\n\t\t\t\t\t<\/div>\n\t\t<\/section>\n\t\t\t\t<\/div>\n\t\t","protected":false},"excerpt":{"rendered":"<p>EBRAR DO\u011eRU PLAST\u0130K is a brand of the company \u201cEBRAR DEM\u0130R\u00c7EL\u0130K PLAST\u0130K TEKS. OTO. GIDA SAN. ve T\u0130C. LTD. \u015eT\u0130.<\/p>\n","protected":false},"author":1,"featured_media":0,"parent":0,"menu_order":0,"comment_status":"closed","ping_status":"closed","template":"","meta":{"footnotes":""},"class_list":["post-10271","page","type-page","status-publish","hentry"],"_links":{"self":[{"href":"https:\/\/ebrarplastik.com.tr\/en\/wp-json\/wp\/v2\/pages\/10271","targetHints":{"allow":["GET"]}}],"collection":[{"href":"https:\/\/ebrarplastik.com.tr\/en\/wp-json\/wp\/v2\/pages"}],"about":[{"href":"https:\/\/ebrarplastik.com.tr\/en\/wp-json\/wp\/v2\/types\/page"}],"author":[{"embeddable":true,"href":"https:\/\/ebrarplastik.com.tr\/en\/wp-json\/wp\/v2\/users\/1"}],"replies":[{"embeddable":true,"href":"https:\/\/ebrarplastik.com.tr\/en\/wp-json\/wp\/v2\/comments?post=10271"}],"version-history":[{"count":4,"href":"https:\/\/ebrarplastik.com.tr\/en\/wp-json\/wp\/v2\/pages\/10271\/revisions"}],"predecessor-version":[{"id":10824,"href":"https:\/\/ebrarplastik.com.tr\/en\/wp-json\/wp\/v2\/pages\/10271\/revisions\/10824"}],"wp:attachment":[{"href":"https:\/\/ebrarplastik.com.tr\/en\/wp-json\/wp\/v2\/media?parent=10271"}],"curies":[{"name":"wp","href":"https:\/\/api.w.org\/{rel}","templated":true}]}}